{"id":94,"date":"2018-01-28T23:41:20","date_gmt":"2018-01-28T22:41:20","guid":{"rendered":"http:\/\/movento.lu\/?page_id=94"},"modified":"2019-04-15T15:36:41","modified_gmt":"2019-04-15T13:36:41","slug":"about","status":"publish","type":"page","link":"https:\/\/movento.lu\/en\/about\/","title":{"rendered":"About"},"content":{"rendered":"<p>MOVEntO is your sustainable partner for your removal, locally or internationally. Our experienced teams and truck fleet are ready to help you in your project, shall it be easy or complex, we adapt to your needs,\u00a0tailor made.<\/p>\n<p>Contact us for a quote.<\/p>\n","protected":false},"excerpt":{"rendered":"<p>MOVEntO is your sustainable partner for your removal, locally or internationally. Our experienced teams and truck fleet are ready to help you in your project, shall it be easy or complex, we adapt to your needs,\u00a0tailor made. Contact us for a quote.<\/p>\n","protected":false},"author":1,"featured_media":841,"parent":0,"menu_order":5,"comment_status":"closed","ping_status":"closed","template":"","meta":{"om_disable_all_campaigns":false,"_monsterinsights_skip_tracking":false,"_monsterinsights_sitenote_active":false,"_monsterinsights_sitenote_note":"","_monsterinsights_sitenote_category":0,"_uf_show_specific_survey":0,"_uf_disable_surveys":false,"jetpack_post_was_ever_published":false,"two_page_speed":[],"footnotes":""},"yoast_head":"<!-- This site is optimized with the Yoast SEO Premium plugin v24.4 (Yoast SEO v24.5) - https:\/\/yoast.com\/wordpress\/plugins\/seo\/ -->\n<title>About &#8902; MOVEnTO<\/title>\n<meta name=\"robots\" content=\"index, follow, max-snippet:-1, max-image-preview:large, max-video-preview:-1\" \/>\n<link rel=\"canonical\" href=\"https:\/\/movento.lu\/en\/about\/\" \/>\n<meta property=\"og:locale\" content=\"en_US\" \/>\n<meta property=\"og:type\" content=\"article\" \/>\n<meta property=\"og:title\" content=\"About\" \/>\n<meta property=\"og:description\" content=\"MOVEntO is your sustainable partner for your removal, locally or internationally. Our experienced teams and truck fleet are ready to help you in your project, shall it be easy or complex, we adapt to your needs,\u00a0tailor made. Contact us for a quote.\" \/>\n<meta property=\"og:url\" content=\"https:\/\/movento.lu\/en\/about\/\" \/>\n<meta property=\"og:site_name\" content=\"MOVEnTO\" \/>\n<meta property=\"article:publisher\" content=\"https:\/\/www.facebook.com\/Movento.lu\" \/>\n<meta property=\"article:modified_time\" content=\"2019-04-15T13:36:41+00:00\" \/>\n<meta property=\"og:image\" content=\"https:\/\/i0.wp.com\/movento.lu\/wp-content\/uploads\/2019\/01\/F6B2EBD9-CBE2-413E-A373-0AE7E5380495-e1643968412457.jpeg?fit=1400%2C553&ssl=1\" \/>\n\t<meta property=\"og:image:width\" content=\"1400\" \/>\n\t<meta property=\"og:image:height\" content=\"553\" \/>\n\t<meta property=\"og:image:type\" content=\"image\/jpeg\" \/>\n<meta name=\"twitter:card\" content=\"summary_large_image\" \/>\n<script type=\"application\/ld+json\" class=\"yoast-schema-graph\">{\"@context\":\"https:\/\/schema.org\",\"@graph\":[{\"@type\":\"WebPage\",\"@id\":\"https:\/\/movento.lu\/en\/about\/\",\"url\":\"https:\/\/movento.lu\/en\/about\/\",\"name\":\"About &#8902; MOVEnTO\",\"isPartOf\":{\"@id\":\"https:\/\/movento.lu\/en\/#website\"},\"primaryImageOfPage\":{\"@id\":\"https:\/\/movento.lu\/en\/about\/#primaryimage\"},\"image\":{\"@id\":\"https:\/\/movento.lu\/en\/about\/#primaryimage\"},\"thumbnailUrl\":\"https:\/\/movento.lu\/wp-content\/uploads\/2026\/01\/intvert.jpeg\",\"datePublished\":\"2018-01-28T22:41:20+00:00\",\"dateModified\":\"2019-04-15T13:36:41+00:00\",\"breadcrumb\":{\"@id\":\"https:\/\/movento.lu\/en\/about\/#breadcrumb\"},\"inLanguage\":\"en-US\",\"potentialAction\":[{\"@type\":\"ReadAction\",\"target\":[\"https:\/\/movento.lu\/en\/about\/\"]}]},{\"@type\":\"ImageObject\",\"inLanguage\":\"en-US\",\"@id\":\"https:\/\/movento.lu\/en\/about\/#primaryimage\",\"url\":\"https:\/\/movento.lu\/wp-content\/uploads\/2026\/01\/intvert.jpeg\",\"contentUrl\":\"https:\/\/movento.lu\/wp-content\/uploads\/2026\/01\/intvert.jpeg\",\"width\":1200,\"height\":500,\"caption\":\"Mobilier Bureau Montpellier Nmes Agencement Bureau Bureau Du Impressionnant Am\u00e9nagement Bureau Design - A-Velo.com\"},{\"@type\":\"BreadcrumbList\",\"@id\":\"https:\/\/movento.lu\/en\/about\/#breadcrumb\",\"itemListElement\":[{\"@type\":\"ListItem\",\"position\":1,\"name\":\"Accueil\",\"item\":\"https:\/\/movento.lu\/en\/\"},{\"@type\":\"ListItem\",\"position\":2,\"name\":\"About\"}]},{\"@type\":\"WebSite\",\"@id\":\"https:\/\/movento.lu\/en\/#website\",\"url\":\"https:\/\/movento.lu\/en\/\",\"name\":\"MOVEnTO\",\"description\":\"Soci\u00e9t\u00e9 de d\u00e9m\u00e9nagement. Professionnel dot\u00e9 de d\u00e9m\u00e9nageurs exp\u00e9riment\u00e9s, camions, lift et exp\u00e9rience \u00e0 votre service. Et au meilleur prix.\",\"publisher\":{\"@id\":\"https:\/\/movento.lu\/en\/#organization\"},\"alternateName\":\"Removal MOVEnTO d\u00e9m\u00e9nagement\",\"potentialAction\":[{\"@type\":\"SearchAction\",\"target\":{\"@type\":\"EntryPoint\",\"urlTemplate\":\"https:\/\/movento.lu\/en\/?s={search_term_string}\"},\"query-input\":{\"@type\":\"PropertyValueSpecification\",\"valueRequired\":true,\"valueName\":\"search_term_string\"}}],\"inLanguage\":\"en-US\"},{\"@type\":[\"Organization\",\"Place\"],\"@id\":\"https:\/\/movento.lu\/en\/#organization\",\"name\":\"MOVEnTO\",\"alternateName\":\"Removal MOVEnTO d\u00e9m\u00e9nagement\",\"url\":\"https:\/\/movento.lu\/en\/\",\"logo\":{\"@id\":\"https:\/\/movento.lu\/en\/about\/#local-main-organization-logo\"},\"image\":{\"@id\":\"https:\/\/movento.lu\/en\/about\/#local-main-organization-logo\"},\"sameAs\":[\"https:\/\/www.facebook.com\/Movento.lu\",\"https:\/\/www.instagram.com\/movento.lu\/\"],\"description\":\"Soci\u00e9t\u00e9 de d\u00e9m\u00e9nagement. Professionnel dot\u00e9 de d\u00e9m\u00e9nageurs exp\u00e9riment\u00e9s, camions, lift et exp\u00e9rience \u00e0 votre service. Et au meilleur prix.\",\"foundingDate\":\"2017-01-01\",\"telephone\":[],\"openingHoursSpecification\":[{\"@type\":\"OpeningHoursSpecification\",\"dayOfWeek\":[\"Monday\",\"Tuesday\",\"Wednesday\",\"Thursday\",\"Friday\",\"Saturday\",\"Sunday\"],\"opens\":\"09:00\",\"closes\":\"17:00\"}]},{\"@type\":\"ImageObject\",\"inLanguage\":\"en-US\",\"@id\":\"https:\/\/movento.lu\/en\/about\/#local-main-organization-logo\",\"url\":\"https:\/\/movento.lu\/wp-content\/uploads\/2025\/02\/moventologosquare.jpg\",\"contentUrl\":\"https:\/\/movento.lu\/wp-content\/uploads\/2025\/02\/moventologosquare.jpg\",\"width\":479,\"height\":437,\"caption\":\"MOVEnTO\"}]}<\/script>\n<!-- \/ Yoast SEO Premium plugin. -->","yoast_head_json":{"title":"About &#8902; MOVEnTO","robots":{"index":"index","follow":"follow","max-snippet":"max-snippet:-1","max-image-preview":"max-image-preview:large","max-video-preview":"max-video-preview:-1"},"canonical":"https:\/\/movento.lu\/en\/about\/","og_locale":"en_US","og_type":"article","og_title":"About","og_description":"MOVEntO is your sustainable partner for your removal, locally or internationally. Our experienced teams and truck fleet are ready to help you in your project, shall it be easy or complex, we adapt to your needs,\u00a0tailor made. Contact us for a quote.","og_url":"https:\/\/movento.lu\/en\/about\/","og_site_name":"MOVEnTO","article_publisher":"https:\/\/www.facebook.com\/Movento.lu","article_modified_time":"2019-04-15T13:36:41+00:00","og_image":[{"width":1400,"height":553,"url":"https:\/\/i0.wp.com\/movento.lu\/wp-content\/uploads\/2019\/01\/F6B2EBD9-CBE2-413E-A373-0AE7E5380495-e1643968412457.jpeg?fit=1400%2C553&ssl=1","type":"image\/jpeg"}],"twitter_card":"summary_large_image","schema":{"@context":"https:\/\/schema.org","@graph":[{"@type":"WebPage","@id":"https:\/\/movento.lu\/en\/about\/","url":"https:\/\/movento.lu\/en\/about\/","name":"About &#8902; MOVEnTO","isPartOf":{"@id":"https:\/\/movento.lu\/en\/#website"},"primaryImageOfPage":{"@id":"https:\/\/movento.lu\/en\/about\/#primaryimage"},"image":{"@id":"https:\/\/movento.lu\/en\/about\/#primaryimage"},"thumbnailUrl":"https:\/\/movento.lu\/wp-content\/uploads\/2026\/01\/intvert.jpeg","datePublished":"2018-01-28T22:41:20+00:00","dateModified":"2019-04-15T13:36:41+00:00","breadcrumb":{"@id":"https:\/\/movento.lu\/en\/about\/#breadcrumb"},"inLanguage":"en-US","potentialAction":[{"@type":"ReadAction","target":["https:\/\/movento.lu\/en\/about\/"]}]},{"@type":"ImageObject","inLanguage":"en-US","@id":"https:\/\/movento.lu\/en\/about\/#primaryimage","url":"https:\/\/movento.lu\/wp-content\/uploads\/2026\/01\/intvert.jpeg","contentUrl":"https:\/\/movento.lu\/wp-content\/uploads\/2026\/01\/intvert.jpeg","width":1200,"height":500,"caption":"Mobilier Bureau Montpellier Nmes Agencement Bureau Bureau Du Impressionnant Am\u00e9nagement Bureau Design - A-Velo.com"},{"@type":"BreadcrumbList","@id":"https:\/\/movento.lu\/en\/about\/#breadcrumb","itemListElement":[{"@type":"ListItem","position":1,"name":"Accueil","item":"https:\/\/movento.lu\/en\/"},{"@type":"ListItem","position":2,"name":"About"}]},{"@type":"WebSite","@id":"https:\/\/movento.lu\/en\/#website","url":"https:\/\/movento.lu\/en\/","name":"MOVEnTO","description":"Soci\u00e9t\u00e9 de d\u00e9m\u00e9nagement. Professionnel dot\u00e9 de d\u00e9m\u00e9nageurs exp\u00e9riment\u00e9s, camions, lift et exp\u00e9rience \u00e0 votre service. Et au meilleur prix.","publisher":{"@id":"https:\/\/movento.lu\/en\/#organization"},"alternateName":"Removal MOVEnTO d\u00e9m\u00e9nagement","potentialAction":[{"@type":"SearchAction","target":{"@type":"EntryPoint","urlTemplate":"https:\/\/movento.lu\/en\/?s={search_term_string}"},"query-input":{"@type":"PropertyValueSpecification","valueRequired":true,"valueName":"search_term_string"}}],"inLanguage":"en-US"},{"@type":["Organization","Place"],"@id":"https:\/\/movento.lu\/en\/#organization","name":"MOVEnTO","alternateName":"Removal MOVEnTO d\u00e9m\u00e9nagement","url":"https:\/\/movento.lu\/en\/","logo":{"@id":"https:\/\/movento.lu\/en\/about\/#local-main-organization-logo"},"image":{"@id":"https:\/\/movento.lu\/en\/about\/#local-main-organization-logo"},"sameAs":["https:\/\/www.facebook.com\/Movento.lu","https:\/\/www.instagram.com\/movento.lu\/"],"description":"Soci\u00e9t\u00e9 de d\u00e9m\u00e9nagement. Professionnel dot\u00e9 de d\u00e9m\u00e9nageurs exp\u00e9riment\u00e9s, camions, lift et exp\u00e9rience \u00e0 votre service. Et au meilleur prix.","foundingDate":"2017-01-01","telephone":[],"openingHoursSpecification":[{"@type":"OpeningHoursSpecification","dayOfWeek":["Monday","Tuesday","Wednesday","Thursday","Friday","Saturday","Sunday"],"opens":"09:00","closes":"17:00"}]},{"@type":"ImageObject","inLanguage":"en-US","@id":"https:\/\/movento.lu\/en\/about\/#local-main-organization-logo","url":"https:\/\/movento.lu\/wp-content\/uploads\/2025\/02\/moventologosquare.jpg","contentUrl":"https:\/\/movento.lu\/wp-content\/uploads\/2025\/02\/moventologosquare.jpg","width":479,"height":437,"caption":"MOVEnTO"}]}},"jetpack_sharing_enabled":true,"jetpack_shortlink":"https:\/\/wp.me\/P9BBhF-1w","jetpack_likes_enabled":true,"jetpack-related-posts":[],"_links":{"self":[{"href":"https:\/\/movento.lu\/en\/wp-json\/wp\/v2\/pages\/94"}],"collection":[{"href":"https:\/\/movento.lu\/en\/wp-json\/wp\/v2\/pages"}],"about":[{"href":"https:\/\/movento.lu\/en\/wp-json\/wp\/v2\/types\/page"}],"author":[{"embeddable":true,"href":"https:\/\/movento.lu\/en\/wp-json\/wp\/v2\/users\/1"}],"replies":[{"embeddable":true,"href":"https:\/\/movento.lu\/en\/wp-json\/wp\/v2\/comments?post=94"}],"version-history":[{"count":3,"href":"https:\/\/movento.lu\/en\/wp-json\/wp\/v2\/pages\/94\/revisions"}],"predecessor-version":[{"id":252,"href":"https:\/\/movento.lu\/en\/wp-json\/wp\/v2\/pages\/94\/revisions\/252"}],"wp:featuredmedia":[{"embeddable":true,"href":"https:\/\/movento.lu\/en\/wp-json\/wp\/v2\/media\/841"}],"wp:attachment":[{"href":"https:\/\/movento.lu\/en\/wp-json\/wp\/v2\/media?parent=94"}],"curies":[{"name":"wp","href":"https:\/\/api.w.org\/{rel}","templated":true}]}}