{"id":292,"date":"2020-09-29T00:39:41","date_gmt":"2020-09-28T22:39:41","guid":{"rendered":"https:\/\/movento.lu\/?page_id=292"},"modified":"2025-02-24T17:59:14","modified_gmt":"2025-02-24T16:59:14","slug":"services-et-prestations","status":"publish","type":"page","link":"https:\/\/movento.lu\/en\/services-et-prestations\/","title":{"rendered":"Services et prestations"},"content":{"rendered":"<h4>Our removal\u00a0<a href=\"https:\/\/movento.lu\/demenagement-sur-mesure\/\">services<\/a>\u00a0are from most basics (man with a van) to most sophisticated:<\/h4>\n<p>Thanks to our scalable teams and wide range of services, we are able to fully adapt to your situation, which is very specific. From end to end services: packing, disassembling, protecting everything before loading the van, transporting, renovating (painting, wall repairing), unpacking&#8230;<\/p>\n<p><img loading=\"lazy\" decoding=\"async\" class=\"alignnone wp-image-211\" style=\"font-size: 1rem;\" src=\"https:\/\/movento.lu\/wp-content\/uploads\/2019\/04\/solsurmes.jpg\" alt=\"demenagement sur mesure\" width=\"198\" height=\"132\" \/><\/p>\n<p>Disassembling-ReAssembling:<br \/>\n<img loading=\"lazy\" decoding=\"async\" class=\"alignnone size-medium wp-image-478\" src=\"https:\/\/movento.lu\/wp-content\/uploads\/2021\/05\/montage-300x205.png\" alt=\"\" width=\"300\" height=\"205\" srcset=\"https:\/\/movento.lu\/wp-content\/uploads\/2021\/05\/montage-300x205.png 300w, https:\/\/movento.lu\/wp-content\/uploads\/2021\/05\/montage-1024x698.png 1024w, https:\/\/movento.lu\/wp-content\/uploads\/2021\/05\/montage-768x524.png 768w, https:\/\/movento.lu\/wp-content\/uploads\/2021\/05\/montage.png 1488w\" sizes=\"(max-width: 300px) 100vw, 300px\" \/><\/p>\n<p>Lift:<br \/>\n<img loading=\"lazy\" decoding=\"async\" class=\"alignnone size-medium wp-image-500\" src=\"https:\/\/movento.lu\/wp-content\/uploads\/2021\/05\/lift-204x300.jpg\" alt=\"\" width=\"204\" height=\"300\" srcset=\"https:\/\/movento.lu\/wp-content\/uploads\/2021\/05\/lift-204x300.jpg 204w, https:\/\/movento.lu\/wp-content\/uploads\/2021\/05\/lift.jpg 576w\" sizes=\"(max-width: 204px) 100vw, 204px\" \/><\/p>\n<p>Your move is fully covered by an insurance that includes the walls, the floors and your belongings.<\/p>\n<p>Feel free to contact us and ask advises, we will be happy to meet you, estimate your removal and make this an easy task for you.<\/p>\n<p>Do not hesitate to follow us on our <a href=\"https:\/\/www.facebook.com\/Movento.lu\">page Facebook.<\/a><\/p>\n<p><em><span style=\"font-size: 10px;\">Nos Conditions<a href=\"https:\/\/movento.lu\/wp-content\/uploads\/2020\/09\/Conditions-g\u00e9n\u00e9rales.pdf\"> g\u00e9n\u00e9rales sont consultables ici.<\/a><\/span><\/em><\/p>\n","protected":false},"excerpt":{"rendered":"<p>Our removal\u00a0services\u00a0are from most basics (man with a van) to most sophisticated: Thanks to our scalable teams and wide range of services, we are able to fully adapt to your situation, which is very specific. From end to end services: packing, disassembling, protecting everything before loading the van, transporting, renovating (painting, wall repairing), unpacking&#8230; Disassembling-ReAssembling: &hellip; <\/p>\n<p class=\"link-more\"><a href=\"https:\/\/movento.lu\/en\/services-et-prestations\/\" class=\"more-link\">Continue reading<span class=\"screen-reader-text\"> &#8220;Services et prestations&#8221;<\/span><\/a><\/p>\n","protected":false},"author":1,"featured_media":472,"parent":0,"menu_order":2,"comment_status":"closed","ping_status":"closed","template":"","meta":{"om_disable_all_campaigns":false,"_monsterinsights_skip_tracking":false,"_monsterinsights_sitenote_active":false,"_monsterinsights_sitenote_note":"","_monsterinsights_sitenote_category":0,"_uf_show_specific_survey":0,"_uf_disable_surveys":false,"jetpack_post_was_ever_published":false,"two_page_speed":[],"footnotes":""},"yoast_head":"<!-- This site is optimized with the Yoast SEO Premium plugin v24.4 (Yoast SEO v24.5) - https:\/\/yoast.com\/wordpress\/plugins\/seo\/ -->\n<title>Services et prestations &#8902; MOVEnTO<\/title>\n<meta name=\"robots\" content=\"index, follow, max-snippet:-1, max-image-preview:large, max-video-preview:-1\" \/>\n<link rel=\"canonical\" href=\"https:\/\/movento.lu\/en\/services-et-prestations\/\" \/>\n<meta property=\"og:locale\" content=\"en_US\" \/>\n<meta property=\"og:type\" content=\"article\" \/>\n<meta property=\"og:title\" content=\"Services et prestations\" \/>\n<meta property=\"og:description\" content=\"Our removal\u00a0services\u00a0are from most basics (man with a van) to most sophisticated: Thanks to our scalable teams and wide range of services, we are able to fully adapt to your situation, which is very specific. From end to end services: packing, disassembling, protecting everything before loading the van, transporting, renovating (painting, wall repairing), unpacking&#8230; Disassembling-ReAssembling: &hellip; Continue reading &quot;Services et prestations&quot;\" \/>\n<meta property=\"og:url\" content=\"https:\/\/movento.lu\/en\/services-et-prestations\/\" \/>\n<meta property=\"og:site_name\" content=\"MOVEnTO\" \/>\n<meta property=\"article:publisher\" content=\"https:\/\/www.facebook.com\/Movento.lu\" \/>\n<meta property=\"article:modified_time\" content=\"2025-02-24T16:59:14+00:00\" \/>\n<meta property=\"og:image\" content=\"https:\/\/movento.lu\/wp-content\/uploads\/2021\/05\/garde-meuble-stockage-demenagement-expatriation.jpg\" \/>\n\t<meta property=\"og:image:width\" content=\"1920\" \/>\n\t<meta property=\"og:image:height\" content=\"800\" \/>\n\t<meta property=\"og:image:type\" content=\"image\/jpeg\" \/>\n<meta name=\"twitter:card\" content=\"summary_large_image\" \/>\n<meta name=\"twitter:label1\" content=\"Est. reading time\" \/>\n\t<meta name=\"twitter:data1\" content=\"2 minutes\" \/>\n<script type=\"application\/ld+json\" class=\"yoast-schema-graph\">{\"@context\":\"https:\/\/schema.org\",\"@graph\":[{\"@type\":\"WebPage\",\"@id\":\"https:\/\/movento.lu\/en\/services-et-prestations\/\",\"url\":\"https:\/\/movento.lu\/en\/services-et-prestations\/\",\"name\":\"Services et prestations &#8902; MOVEnTO\",\"isPartOf\":{\"@id\":\"https:\/\/movento.lu\/en\/#website\"},\"primaryImageOfPage\":{\"@id\":\"https:\/\/movento.lu\/en\/services-et-prestations\/#primaryimage\"},\"image\":{\"@id\":\"https:\/\/movento.lu\/en\/services-et-prestations\/#primaryimage\"},\"thumbnailUrl\":\"https:\/\/movento.lu\/wp-content\/uploads\/2021\/05\/garde-meuble-stockage-demenagement-expatriation.jpg\",\"datePublished\":\"2020-09-28T22:39:41+00:00\",\"dateModified\":\"2025-02-24T16:59:14+00:00\",\"breadcrumb\":{\"@id\":\"https:\/\/movento.lu\/en\/services-et-prestations\/#breadcrumb\"},\"inLanguage\":\"en-US\",\"potentialAction\":[{\"@type\":\"ReadAction\",\"target\":[\"https:\/\/movento.lu\/en\/services-et-prestations\/\"]}]},{\"@type\":\"ImageObject\",\"inLanguage\":\"en-US\",\"@id\":\"https:\/\/movento.lu\/en\/services-et-prestations\/#primaryimage\",\"url\":\"https:\/\/movento.lu\/wp-content\/uploads\/2021\/05\/garde-meuble-stockage-demenagement-expatriation.jpg\",\"contentUrl\":\"https:\/\/movento.lu\/wp-content\/uploads\/2021\/05\/garde-meuble-stockage-demenagement-expatriation.jpg\",\"width\":1920,\"height\":800},{\"@type\":\"BreadcrumbList\",\"@id\":\"https:\/\/movento.lu\/en\/services-et-prestations\/#breadcrumb\",\"itemListElement\":[{\"@type\":\"ListItem\",\"position\":1,\"name\":\"Accueil\",\"item\":\"https:\/\/movento.lu\/en\/\"},{\"@type\":\"ListItem\",\"position\":2,\"name\":\"Services et prestations\"}]},{\"@type\":\"WebSite\",\"@id\":\"https:\/\/movento.lu\/en\/#website\",\"url\":\"https:\/\/movento.lu\/en\/\",\"name\":\"MOVEnTO\",\"description\":\"Soci\u00e9t\u00e9 de d\u00e9m\u00e9nagement. Professionnel dot\u00e9 de d\u00e9m\u00e9nageurs exp\u00e9riment\u00e9s, camions, lift et exp\u00e9rience \u00e0 votre service. Et au meilleur prix.\",\"publisher\":{\"@id\":\"https:\/\/movento.lu\/en\/#organization\"},\"alternateName\":\"Removal MOVEnTO d\u00e9m\u00e9nagement\",\"potentialAction\":[{\"@type\":\"SearchAction\",\"target\":{\"@type\":\"EntryPoint\",\"urlTemplate\":\"https:\/\/movento.lu\/en\/?s={search_term_string}\"},\"query-input\":{\"@type\":\"PropertyValueSpecification\",\"valueRequired\":true,\"valueName\":\"search_term_string\"}}],\"inLanguage\":\"en-US\"},{\"@type\":[\"Organization\",\"Place\"],\"@id\":\"https:\/\/movento.lu\/en\/#organization\",\"name\":\"MOVEnTO\",\"alternateName\":\"Removal MOVEnTO d\u00e9m\u00e9nagement\",\"url\":\"https:\/\/movento.lu\/en\/\",\"logo\":{\"@id\":\"https:\/\/movento.lu\/en\/services-et-prestations\/#local-main-organization-logo\"},\"image\":{\"@id\":\"https:\/\/movento.lu\/en\/services-et-prestations\/#local-main-organization-logo\"},\"sameAs\":[\"https:\/\/www.facebook.com\/Movento.lu\",\"https:\/\/www.instagram.com\/movento.lu\/\"],\"description\":\"Soci\u00e9t\u00e9 de d\u00e9m\u00e9nagement. Professionnel dot\u00e9 de d\u00e9m\u00e9nageurs exp\u00e9riment\u00e9s, camions, lift et exp\u00e9rience \u00e0 votre service. Et au meilleur prix.\",\"foundingDate\":\"2017-01-01\",\"telephone\":[],\"openingHoursSpecification\":[{\"@type\":\"OpeningHoursSpecification\",\"dayOfWeek\":[\"Monday\",\"Tuesday\",\"Wednesday\",\"Thursday\",\"Friday\",\"Saturday\",\"Sunday\"],\"opens\":\"09:00\",\"closes\":\"17:00\"}]},{\"@type\":\"ImageObject\",\"inLanguage\":\"en-US\",\"@id\":\"https:\/\/movento.lu\/en\/services-et-prestations\/#local-main-organization-logo\",\"url\":\"https:\/\/movento.lu\/wp-content\/uploads\/2025\/02\/moventologosquare.jpg\",\"contentUrl\":\"https:\/\/movento.lu\/wp-content\/uploads\/2025\/02\/moventologosquare.jpg\",\"width\":479,\"height\":437,\"caption\":\"MOVEnTO\"}]}<\/script>\n<!-- \/ Yoast SEO Premium plugin. -->","yoast_head_json":{"title":"Services et prestations &#8902; MOVEnTO","robots":{"index":"index","follow":"follow","max-snippet":"max-snippet:-1","max-image-preview":"max-image-preview:large","max-video-preview":"max-video-preview:-1"},"canonical":"https:\/\/movento.lu\/en\/services-et-prestations\/","og_locale":"en_US","og_type":"article","og_title":"Services et prestations","og_description":"Our removal\u00a0services\u00a0are from most basics (man with a van) to most sophisticated: Thanks to our scalable teams and wide range of services, we are able to fully adapt to your situation, which is very specific. From end to end services: packing, disassembling, protecting everything before loading the van, transporting, renovating (painting, wall repairing), unpacking&#8230; Disassembling-ReAssembling: &hellip; Continue reading \"Services et prestations\"","og_url":"https:\/\/movento.lu\/en\/services-et-prestations\/","og_site_name":"MOVEnTO","article_publisher":"https:\/\/www.facebook.com\/Movento.lu","article_modified_time":"2025-02-24T16:59:14+00:00","og_image":[{"width":1920,"height":800,"url":"https:\/\/movento.lu\/wp-content\/uploads\/2021\/05\/garde-meuble-stockage-demenagement-expatriation.jpg","type":"image\/jpeg"}],"twitter_card":"summary_large_image","twitter_misc":{"Est. reading time":"2 minutes"},"schema":{"@context":"https:\/\/schema.org","@graph":[{"@type":"WebPage","@id":"https:\/\/movento.lu\/en\/services-et-prestations\/","url":"https:\/\/movento.lu\/en\/services-et-prestations\/","name":"Services et prestations &#8902; MOVEnTO","isPartOf":{"@id":"https:\/\/movento.lu\/en\/#website"},"primaryImageOfPage":{"@id":"https:\/\/movento.lu\/en\/services-et-prestations\/#primaryimage"},"image":{"@id":"https:\/\/movento.lu\/en\/services-et-prestations\/#primaryimage"},"thumbnailUrl":"https:\/\/movento.lu\/wp-content\/uploads\/2021\/05\/garde-meuble-stockage-demenagement-expatriation.jpg","datePublished":"2020-09-28T22:39:41+00:00","dateModified":"2025-02-24T16:59:14+00:00","breadcrumb":{"@id":"https:\/\/movento.lu\/en\/services-et-prestations\/#breadcrumb"},"inLanguage":"en-US","potentialAction":[{"@type":"ReadAction","target":["https:\/\/movento.lu\/en\/services-et-prestations\/"]}]},{"@type":"ImageObject","inLanguage":"en-US","@id":"https:\/\/movento.lu\/en\/services-et-prestations\/#primaryimage","url":"https:\/\/movento.lu\/wp-content\/uploads\/2021\/05\/garde-meuble-stockage-demenagement-expatriation.jpg","contentUrl":"https:\/\/movento.lu\/wp-content\/uploads\/2021\/05\/garde-meuble-stockage-demenagement-expatriation.jpg","width":1920,"height":800},{"@type":"BreadcrumbList","@id":"https:\/\/movento.lu\/en\/services-et-prestations\/#breadcrumb","itemListElement":[{"@type":"ListItem","position":1,"name":"Accueil","item":"https:\/\/movento.lu\/en\/"},{"@type":"ListItem","position":2,"name":"Services et prestations"}]},{"@type":"WebSite","@id":"https:\/\/movento.lu\/en\/#website","url":"https:\/\/movento.lu\/en\/","name":"MOVEnTO","description":"Soci\u00e9t\u00e9 de d\u00e9m\u00e9nagement. Professionnel dot\u00e9 de d\u00e9m\u00e9nageurs exp\u00e9riment\u00e9s, camions, lift et exp\u00e9rience \u00e0 votre service. Et au meilleur prix.","publisher":{"@id":"https:\/\/movento.lu\/en\/#organization"},"alternateName":"Removal MOVEnTO d\u00e9m\u00e9nagement","potentialAction":[{"@type":"SearchAction","target":{"@type":"EntryPoint","urlTemplate":"https:\/\/movento.lu\/en\/?s={search_term_string}"},"query-input":{"@type":"PropertyValueSpecification","valueRequired":true,"valueName":"search_term_string"}}],"inLanguage":"en-US"},{"@type":["Organization","Place"],"@id":"https:\/\/movento.lu\/en\/#organization","name":"MOVEnTO","alternateName":"Removal MOVEnTO d\u00e9m\u00e9nagement","url":"https:\/\/movento.lu\/en\/","logo":{"@id":"https:\/\/movento.lu\/en\/services-et-prestations\/#local-main-organization-logo"},"image":{"@id":"https:\/\/movento.lu\/en\/services-et-prestations\/#local-main-organization-logo"},"sameAs":["https:\/\/www.facebook.com\/Movento.lu","https:\/\/www.instagram.com\/movento.lu\/"],"description":"Soci\u00e9t\u00e9 de d\u00e9m\u00e9nagement. Professionnel dot\u00e9 de d\u00e9m\u00e9nageurs exp\u00e9riment\u00e9s, camions, lift et exp\u00e9rience \u00e0 votre service. Et au meilleur prix.","foundingDate":"2017-01-01","telephone":[],"openingHoursSpecification":[{"@type":"OpeningHoursSpecification","dayOfWeek":["Monday","Tuesday","Wednesday","Thursday","Friday","Saturday","Sunday"],"opens":"09:00","closes":"17:00"}]},{"@type":"ImageObject","inLanguage":"en-US","@id":"https:\/\/movento.lu\/en\/services-et-prestations\/#local-main-organization-logo","url":"https:\/\/movento.lu\/wp-content\/uploads\/2025\/02\/moventologosquare.jpg","contentUrl":"https:\/\/movento.lu\/wp-content\/uploads\/2025\/02\/moventologosquare.jpg","width":479,"height":437,"caption":"MOVEnTO"}]}},"jetpack_sharing_enabled":true,"jetpack_shortlink":"https:\/\/wp.me\/P9BBhF-4I","jetpack_likes_enabled":true,"jetpack-related-posts":[],"_links":{"self":[{"href":"https:\/\/movento.lu\/en\/wp-json\/wp\/v2\/pages\/292"}],"collection":[{"href":"https:\/\/movento.lu\/en\/wp-json\/wp\/v2\/pages"}],"about":[{"href":"https:\/\/movento.lu\/en\/wp-json\/wp\/v2\/types\/page"}],"author":[{"embeddable":true,"href":"https:\/\/movento.lu\/en\/wp-json\/wp\/v2\/users\/1"}],"replies":[{"embeddable":true,"href":"https:\/\/movento.lu\/en\/wp-json\/wp\/v2\/comments?post=292"}],"version-history":[{"count":5,"href":"https:\/\/movento.lu\/en\/wp-json\/wp\/v2\/pages\/292\/revisions"}],"predecessor-version":[{"id":802,"href":"https:\/\/movento.lu\/en\/wp-json\/wp\/v2\/pages\/292\/revisions\/802"}],"wp:featuredmedia":[{"embeddable":true,"href":"https:\/\/movento.lu\/en\/wp-json\/wp\/v2\/media\/472"}],"wp:attachment":[{"href":"https:\/\/movento.lu\/en\/wp-json\/wp\/v2\/media?parent=292"}],"curies":[{"name":"wp","href":"https:\/\/api.w.org\/{rel}","templated":true}]}}