{"id":112,"date":"2018-03-03T18:15:34","date_gmt":"2018-03-03T17:15:34","guid":{"rendered":"http:\/\/movento.lu\/?page_id=112"},"modified":"2019-04-15T15:43:17","modified_gmt":"2019-04-15T13:43:17","slug":"articles","status":"publish","type":"page","link":"https:\/\/movento.lu\/en\/articles\/","title":{"rendered":"Articles"},"content":{"rendered":"<p>Thank you to follow us and read our articles. Here you can find our latest news and\/or some advises for your moving.<\/p>\n","protected":false},"excerpt":{"rendered":"<p>Thank you to follow us and read our articles. Here you can find our latest news and\/or some advises for your moving.<\/p>\n","protected":false},"author":1,"featured_media":588,"parent":0,"menu_order":6,"comment_status":"closed","ping_status":"closed","template":"","meta":{"om_disable_all_campaigns":false,"_monsterinsights_skip_tracking":false,"_monsterinsights_sitenote_active":false,"_monsterinsights_sitenote_note":"","_monsterinsights_sitenote_category":0,"_uf_show_specific_survey":0,"_uf_disable_surveys":false,"jetpack_post_was_ever_published":false,"two_page_speed":[],"footnotes":""},"yoast_head":"<!-- This site is optimized with the Yoast SEO Premium plugin v24.4 (Yoast SEO v24.5) - https:\/\/yoast.com\/wordpress\/plugins\/seo\/ -->\n<title>Articles &#8902; MOVEnTO<\/title>\n<meta name=\"robots\" content=\"index, follow, max-snippet:-1, max-image-preview:large, max-video-preview:-1\" \/>\n<link rel=\"canonical\" href=\"https:\/\/movento.lu\/en\/articles\/\" \/>\n<meta property=\"og:locale\" content=\"en_US\" \/>\n<meta property=\"og:type\" content=\"article\" \/>\n<meta property=\"og:title\" content=\"Articles\" \/>\n<meta property=\"og:description\" content=\"Thank you to follow us and read our articles. Here you can find our latest news and\/or some advises for your moving.\" \/>\n<meta property=\"og:url\" content=\"https:\/\/movento.lu\/en\/articles\/\" \/>\n<meta property=\"og:site_name\" content=\"MOVEnTO\" \/>\n<meta property=\"article:publisher\" content=\"https:\/\/www.facebook.com\/Movento.lu\" \/>\n<meta property=\"article:modified_time\" content=\"2019-04-15T13:43:17+00:00\" \/>\n<meta property=\"og:image\" content=\"https:\/\/i0.wp.com\/movento.lu\/wp-content\/uploads\/2021\/05\/relax-moving.jpg?fit=870%2C524&ssl=1\" \/>\n\t<meta property=\"og:image:width\" content=\"870\" \/>\n\t<meta property=\"og:image:height\" content=\"524\" \/>\n\t<meta property=\"og:image:type\" content=\"image\/jpeg\" \/>\n<meta name=\"twitter:card\" content=\"summary_large_image\" \/>\n<script type=\"application\/ld+json\" class=\"yoast-schema-graph\">{\"@context\":\"https:\/\/schema.org\",\"@graph\":[{\"@type\":\"WebPage\",\"@id\":\"https:\/\/movento.lu\/en\/articles\/\",\"url\":\"https:\/\/movento.lu\/en\/articles\/\",\"name\":\"Articles &#8902; MOVEnTO\",\"isPartOf\":{\"@id\":\"https:\/\/movento.lu\/en\/#website\"},\"primaryImageOfPage\":{\"@id\":\"https:\/\/movento.lu\/en\/articles\/#primaryimage\"},\"image\":{\"@id\":\"https:\/\/movento.lu\/en\/articles\/#primaryimage\"},\"thumbnailUrl\":\"https:\/\/movento.lu\/wp-content\/uploads\/2021\/05\/relax-moving.jpg\",\"datePublished\":\"2018-03-03T17:15:34+00:00\",\"dateModified\":\"2019-04-15T13:43:17+00:00\",\"breadcrumb\":{\"@id\":\"https:\/\/movento.lu\/en\/articles\/#breadcrumb\"},\"inLanguage\":\"en-US\",\"potentialAction\":[{\"@type\":\"ReadAction\",\"target\":[\"https:\/\/movento.lu\/en\/articles\/\"]}]},{\"@type\":\"ImageObject\",\"inLanguage\":\"en-US\",\"@id\":\"https:\/\/movento.lu\/en\/articles\/#primaryimage\",\"url\":\"https:\/\/movento.lu\/wp-content\/uploads\/2021\/05\/relax-moving.jpg\",\"contentUrl\":\"https:\/\/movento.lu\/wp-content\/uploads\/2021\/05\/relax-moving.jpg\",\"width\":870,\"height\":524},{\"@type\":\"BreadcrumbList\",\"@id\":\"https:\/\/movento.lu\/en\/articles\/#breadcrumb\",\"itemListElement\":[{\"@type\":\"ListItem\",\"position\":1,\"name\":\"Accueil\",\"item\":\"https:\/\/movento.lu\/en\/\"},{\"@type\":\"ListItem\",\"position\":2,\"name\":\"Articles\"}]},{\"@type\":\"WebSite\",\"@id\":\"https:\/\/movento.lu\/en\/#website\",\"url\":\"https:\/\/movento.lu\/en\/\",\"name\":\"MOVEnTO\",\"description\":\"Soci\u00e9t\u00e9 de d\u00e9m\u00e9nagement. Professionnel dot\u00e9 de d\u00e9m\u00e9nageurs exp\u00e9riment\u00e9s, camions, lift et exp\u00e9rience \u00e0 votre service. Et au meilleur prix.\",\"publisher\":{\"@id\":\"https:\/\/movento.lu\/en\/#organization\"},\"alternateName\":\"Removal MOVEnTO d\u00e9m\u00e9nagement\",\"potentialAction\":[{\"@type\":\"SearchAction\",\"target\":{\"@type\":\"EntryPoint\",\"urlTemplate\":\"https:\/\/movento.lu\/en\/?s={search_term_string}\"},\"query-input\":{\"@type\":\"PropertyValueSpecification\",\"valueRequired\":true,\"valueName\":\"search_term_string\"}}],\"inLanguage\":\"en-US\"},{\"@type\":[\"Organization\",\"Place\"],\"@id\":\"https:\/\/movento.lu\/en\/#organization\",\"name\":\"MOVEnTO\",\"alternateName\":\"Removal MOVEnTO d\u00e9m\u00e9nagement\",\"url\":\"https:\/\/movento.lu\/en\/\",\"logo\":{\"@id\":\"https:\/\/movento.lu\/en\/articles\/#local-main-organization-logo\"},\"image\":{\"@id\":\"https:\/\/movento.lu\/en\/articles\/#local-main-organization-logo\"},\"sameAs\":[\"https:\/\/www.facebook.com\/Movento.lu\",\"https:\/\/www.instagram.com\/movento.lu\/\"],\"description\":\"Soci\u00e9t\u00e9 de d\u00e9m\u00e9nagement. Professionnel dot\u00e9 de d\u00e9m\u00e9nageurs exp\u00e9riment\u00e9s, camions, lift et exp\u00e9rience \u00e0 votre service. Et au meilleur prix.\",\"foundingDate\":\"2017-01-01\",\"telephone\":[],\"openingHoursSpecification\":[{\"@type\":\"OpeningHoursSpecification\",\"dayOfWeek\":[\"Monday\",\"Tuesday\",\"Wednesday\",\"Thursday\",\"Friday\",\"Saturday\",\"Sunday\"],\"opens\":\"09:00\",\"closes\":\"17:00\"}]},{\"@type\":\"ImageObject\",\"inLanguage\":\"en-US\",\"@id\":\"https:\/\/movento.lu\/en\/articles\/#local-main-organization-logo\",\"url\":\"https:\/\/movento.lu\/wp-content\/uploads\/2025\/02\/moventologosquare.jpg\",\"contentUrl\":\"https:\/\/movento.lu\/wp-content\/uploads\/2025\/02\/moventologosquare.jpg\",\"width\":479,\"height\":437,\"caption\":\"MOVEnTO\"}]}<\/script>\n<!-- \/ Yoast SEO Premium plugin. -->","yoast_head_json":{"title":"Articles &#8902; MOVEnTO","robots":{"index":"index","follow":"follow","max-snippet":"max-snippet:-1","max-image-preview":"max-image-preview:large","max-video-preview":"max-video-preview:-1"},"canonical":"https:\/\/movento.lu\/en\/articles\/","og_locale":"en_US","og_type":"article","og_title":"Articles","og_description":"Thank you to follow us and read our articles. Here you can find our latest news and\/or some advises for your moving.","og_url":"https:\/\/movento.lu\/en\/articles\/","og_site_name":"MOVEnTO","article_publisher":"https:\/\/www.facebook.com\/Movento.lu","article_modified_time":"2019-04-15T13:43:17+00:00","og_image":[{"width":870,"height":524,"url":"https:\/\/i0.wp.com\/movento.lu\/wp-content\/uploads\/2021\/05\/relax-moving.jpg?fit=870%2C524&ssl=1","type":"image\/jpeg"}],"twitter_card":"summary_large_image","schema":{"@context":"https:\/\/schema.org","@graph":[{"@type":"WebPage","@id":"https:\/\/movento.lu\/en\/articles\/","url":"https:\/\/movento.lu\/en\/articles\/","name":"Articles &#8902; MOVEnTO","isPartOf":{"@id":"https:\/\/movento.lu\/en\/#website"},"primaryImageOfPage":{"@id":"https:\/\/movento.lu\/en\/articles\/#primaryimage"},"image":{"@id":"https:\/\/movento.lu\/en\/articles\/#primaryimage"},"thumbnailUrl":"https:\/\/movento.lu\/wp-content\/uploads\/2021\/05\/relax-moving.jpg","datePublished":"2018-03-03T17:15:34+00:00","dateModified":"2019-04-15T13:43:17+00:00","breadcrumb":{"@id":"https:\/\/movento.lu\/en\/articles\/#breadcrumb"},"inLanguage":"en-US","potentialAction":[{"@type":"ReadAction","target":["https:\/\/movento.lu\/en\/articles\/"]}]},{"@type":"ImageObject","inLanguage":"en-US","@id":"https:\/\/movento.lu\/en\/articles\/#primaryimage","url":"https:\/\/movento.lu\/wp-content\/uploads\/2021\/05\/relax-moving.jpg","contentUrl":"https:\/\/movento.lu\/wp-content\/uploads\/2021\/05\/relax-moving.jpg","width":870,"height":524},{"@type":"BreadcrumbList","@id":"https:\/\/movento.lu\/en\/articles\/#breadcrumb","itemListElement":[{"@type":"ListItem","position":1,"name":"Accueil","item":"https:\/\/movento.lu\/en\/"},{"@type":"ListItem","position":2,"name":"Articles"}]},{"@type":"WebSite","@id":"https:\/\/movento.lu\/en\/#website","url":"https:\/\/movento.lu\/en\/","name":"MOVEnTO","description":"Soci\u00e9t\u00e9 de d\u00e9m\u00e9nagement. Professionnel dot\u00e9 de d\u00e9m\u00e9nageurs exp\u00e9riment\u00e9s, camions, lift et exp\u00e9rience \u00e0 votre service. Et au meilleur prix.","publisher":{"@id":"https:\/\/movento.lu\/en\/#organization"},"alternateName":"Removal MOVEnTO d\u00e9m\u00e9nagement","potentialAction":[{"@type":"SearchAction","target":{"@type":"EntryPoint","urlTemplate":"https:\/\/movento.lu\/en\/?s={search_term_string}"},"query-input":{"@type":"PropertyValueSpecification","valueRequired":true,"valueName":"search_term_string"}}],"inLanguage":"en-US"},{"@type":["Organization","Place"],"@id":"https:\/\/movento.lu\/en\/#organization","name":"MOVEnTO","alternateName":"Removal MOVEnTO d\u00e9m\u00e9nagement","url":"https:\/\/movento.lu\/en\/","logo":{"@id":"https:\/\/movento.lu\/en\/articles\/#local-main-organization-logo"},"image":{"@id":"https:\/\/movento.lu\/en\/articles\/#local-main-organization-logo"},"sameAs":["https:\/\/www.facebook.com\/Movento.lu","https:\/\/www.instagram.com\/movento.lu\/"],"description":"Soci\u00e9t\u00e9 de d\u00e9m\u00e9nagement. Professionnel dot\u00e9 de d\u00e9m\u00e9nageurs exp\u00e9riment\u00e9s, camions, lift et exp\u00e9rience \u00e0 votre service. Et au meilleur prix.","foundingDate":"2017-01-01","telephone":[],"openingHoursSpecification":[{"@type":"OpeningHoursSpecification","dayOfWeek":["Monday","Tuesday","Wednesday","Thursday","Friday","Saturday","Sunday"],"opens":"09:00","closes":"17:00"}]},{"@type":"ImageObject","inLanguage":"en-US","@id":"https:\/\/movento.lu\/en\/articles\/#local-main-organization-logo","url":"https:\/\/movento.lu\/wp-content\/uploads\/2025\/02\/moventologosquare.jpg","contentUrl":"https:\/\/movento.lu\/wp-content\/uploads\/2025\/02\/moventologosquare.jpg","width":479,"height":437,"caption":"MOVEnTO"}]}},"jetpack_sharing_enabled":true,"jetpack_shortlink":"https:\/\/wp.me\/P9BBhF-1O","jetpack_likes_enabled":true,"jetpack-related-posts":[],"_links":{"self":[{"href":"https:\/\/movento.lu\/en\/wp-json\/wp\/v2\/pages\/112"}],"collection":[{"href":"https:\/\/movento.lu\/en\/wp-json\/wp\/v2\/pages"}],"about":[{"href":"https:\/\/movento.lu\/en\/wp-json\/wp\/v2\/types\/page"}],"author":[{"embeddable":true,"href":"https:\/\/movento.lu\/en\/wp-json\/wp\/v2\/users\/1"}],"replies":[{"embeddable":true,"href":"https:\/\/movento.lu\/en\/wp-json\/wp\/v2\/comments?post=112"}],"version-history":[{"count":2,"href":"https:\/\/movento.lu\/en\/wp-json\/wp\/v2\/pages\/112\/revisions"}],"predecessor-version":[{"id":254,"href":"https:\/\/movento.lu\/en\/wp-json\/wp\/v2\/pages\/112\/revisions\/254"}],"wp:featuredmedia":[{"embeddable":true,"href":"https:\/\/movento.lu\/en\/wp-json\/wp\/v2\/media\/588"}],"wp:attachment":[{"href":"https:\/\/movento.lu\/en\/wp-json\/wp\/v2\/media?parent=112"}],"curies":[{"name":"wp","href":"https:\/\/api.w.org\/{rel}","templated":true}]}}