{"id":102,"date":"2018-03-03T17:34:42","date_gmt":"2018-03-03T16:34:42","guid":{"rendered":"http:\/\/movento.lu\/?page_id=102"},"modified":"2026-01-21T15:29:59","modified_gmt":"2026-01-21T14:29:59","slug":"home","status":"publish","type":"page","link":"https:\/\/movento.lu\/en\/","title":{"rendered":"Home"},"content":{"rendered":"<p>You are planing to move? This is an important step and it is very important to anticipate and to be well prepared. Choosing a professional mover which is flexible and taking care of your situation can be a success factor.<\/p>\n<p>With many years of experience in moving, locally and internationally, MOVEntO is the <a href=\"https:\/\/movento.lu\/en\/about\/\">sustainable<\/a> company that will handle your removal:<\/p>\n<p><img loading=\"lazy\" decoding=\"async\" class=\" wp-image-218 alignright\" src=\"https:\/\/movento.lu\/wp-content\/uploads\/2019\/04\/move_house-300x239.jpg\" alt=\"moving\" width=\"123\" height=\"98\" srcset=\"https:\/\/movento.lu\/wp-content\/uploads\/2019\/04\/move_house-300x239.jpg 300w, https:\/\/movento.lu\/wp-content\/uploads\/2019\/04\/move_house.jpg 359w\" sizes=\"(max-width: 123px) 100vw, 123px\" \/><\/p>\n<ul>\n<li>Zero waste during our movings, innovative method to protect your furnitures.<\/li>\n<li>Borrowing the boxes (standard, hangers, dishes) for free.<\/li>\n<li>Every 100km, we are planting a tree (through NGOs).<\/li>\n<li>Social and professional developments of our employees.<\/li>\n<\/ul>\n<p>Hence, you can rely on us for having your moving taken care by professionals\u00a0and still\u00a0having a positive sustainable impact!<\/p>\n<p><span class=\"baec5a81-e4d6-4674-97f3-e9220f0136c1\"><br \/>\n<a href=\"Mailto:info@movento.lu\">info@movento.lu<\/a><br \/>\n<a href=\"tel: +35220331633\">+352 20 33 16 33<\/a><br \/>\n<a href=\"tel: +352621568192\">+352 621 568 192<\/a><br \/>\nWhatsApp (fast quote): <a href=\"https:\/\/api.whatsapp.com\/send?phone=00352621568192\">write a message<\/a><br \/>\n<\/span><\/p>\n<p>MOVEntO has an exclusive partnership with Lift&amp;GO, benefiting from their expertise in lifting high and heavy.<\/p>\n<p><img loading=\"lazy\" decoding=\"async\" class=\"alignnone size-medium wp-image-463 aligncenter\" src=\"https:\/\/movento.lu\/wp-content\/uploads\/2021\/05\/LiftGoPartners-300x131.png\" alt=\"\" width=\"300\" height=\"131\" srcset=\"https:\/\/movento.lu\/wp-content\/uploads\/2021\/05\/LiftGoPartners-300x131.png 300w, https:\/\/movento.lu\/wp-content\/uploads\/2021\/05\/LiftGoPartners-1024x446.png 1024w, https:\/\/movento.lu\/wp-content\/uploads\/2021\/05\/LiftGoPartners-768x334.png 768w, https:\/\/movento.lu\/wp-content\/uploads\/2021\/05\/LiftGoPartners-1536x669.png 1536w, https:\/\/movento.lu\/wp-content\/uploads\/2021\/05\/LiftGoPartners-2048x892.png 2048w\" sizes=\"(max-width: 300px) 100vw, 300px\" \/><\/p>\n<p>Follow us via our\u00a0<a href=\"https:\/\/movento.lu\/en\/articles\/\">articles<\/a>\u00a0and our\u00a0<a href=\"https:\/\/www.facebook.com\/Movento.lu\">Facebook\u00a0page<\/a>.<\/p>\n","protected":false},"excerpt":{"rendered":"<p>You are planing to move? This is an important step and it is very important to anticipate and to be well prepared. Choosing a professional mover which is flexible and taking care of your situation can be a success factor. With many years of experience in moving, locally and internationally, MOVEntO is the sustainable company &hellip; <\/p>\n<p class=\"link-more\"><a href=\"https:\/\/movento.lu\/en\/\" class=\"more-link\">Continue reading<span class=\"screen-reader-text\"> &#8220;Home&#8221;<\/span><\/a><\/p>\n","protected":false},"author":1,"featured_media":499,"parent":0,"menu_order":0,"comment_status":"closed","ping_status":"closed","template":"","meta":{"om_disable_all_campaigns":false,"_monsterinsights_skip_tracking":false,"_monsterinsights_sitenote_active":false,"_monsterinsights_sitenote_note":"","_monsterinsights_sitenote_category":0,"_uf_show_specific_survey":0,"_uf_disable_surveys":false,"jetpack_post_was_ever_published":false,"two_page_speed":[],"footnotes":""},"yoast_head":"<!-- This site is optimized with the Yoast SEO Premium plugin v24.4 (Yoast SEO v24.5) - https:\/\/yoast.com\/wordpress\/plugins\/seo\/ -->\n<title>MOVEnTO &#8902; Removal company &#8902; Lift Service<\/title>\n<meta name=\"description\" content=\"MOVEnTO your moving company, expert in removal, national and international. Lift service, man with a van, storage services\" \/>\n<meta name=\"robots\" content=\"index, follow, max-snippet:-1, max-image-preview:large, max-video-preview:-1\" \/>\n<link rel=\"canonical\" href=\"https:\/\/movento.lu\/en\/\" \/>\n<meta property=\"og:locale\" content=\"en_US\" \/>\n<meta property=\"og:type\" content=\"article\" \/>\n<meta property=\"og:title\" content=\"Home\" \/>\n<meta property=\"og:description\" content=\"MOVEnTO your moving company, expert in removal, national and international. Lift service, man with a van, storage services\" \/>\n<meta property=\"og:url\" content=\"https:\/\/movento.lu\/en\/\" \/>\n<meta property=\"og:site_name\" content=\"MOVEnTO\" \/>\n<meta property=\"article:publisher\" content=\"https:\/\/www.facebook.com\/Movento.lu\" \/>\n<meta property=\"article:modified_time\" content=\"2026-01-21T14:29:59+00:00\" \/>\n<meta property=\"og:image\" content=\"https:\/\/movento.lu\/wp-content\/uploads\/2021\/05\/CamionMoventoLong2-1.jpg\" \/>\n\t<meta property=\"og:image:width\" content=\"1600\" \/>\n\t<meta property=\"og:image:height\" content=\"846\" \/>\n\t<meta property=\"og:image:type\" content=\"image\/jpeg\" \/>\n<meta name=\"twitter:card\" content=\"summary_large_image\" \/>\n<meta name=\"twitter:label1\" content=\"Est. reading time\" \/>\n\t<meta name=\"twitter:data1\" content=\"2 minutes\" \/>\n<script type=\"application\/ld+json\" class=\"yoast-schema-graph\">{\"@context\":\"https:\/\/schema.org\",\"@graph\":[{\"@type\":\"WebPage\",\"@id\":\"https:\/\/movento.lu\/en\/\",\"url\":\"https:\/\/movento.lu\/en\/\",\"name\":\"MOVEnTO &#8902; Removal company &#8902; Lift Service\",\"isPartOf\":{\"@id\":\"https:\/\/movento.lu\/en\/#website\"},\"primaryImageOfPage\":{\"@id\":\"https:\/\/movento.lu\/en\/#primaryimage\"},\"image\":{\"@id\":\"https:\/\/movento.lu\/en\/#primaryimage\"},\"thumbnailUrl\":\"https:\/\/movento.lu\/wp-content\/uploads\/2021\/05\/CamionMoventoLong2-1.jpg\",\"datePublished\":\"2018-03-03T16:34:42+00:00\",\"dateModified\":\"2026-01-21T14:29:59+00:00\",\"description\":\"MOVEnTO your moving company, expert in removal, national and international. Lift service, man with a van, storage services\",\"breadcrumb\":{\"@id\":\"https:\/\/movento.lu\/en\/#breadcrumb\"},\"inLanguage\":\"en-US\",\"potentialAction\":[{\"@type\":\"ReadAction\",\"target\":[\"https:\/\/movento.lu\/en\/\"]}]},{\"@type\":\"ImageObject\",\"inLanguage\":\"en-US\",\"@id\":\"https:\/\/movento.lu\/en\/#primaryimage\",\"url\":\"https:\/\/movento.lu\/wp-content\/uploads\/2021\/05\/CamionMoventoLong2-1.jpg\",\"contentUrl\":\"https:\/\/movento.lu\/wp-content\/uploads\/2021\/05\/CamionMoventoLong2-1.jpg\",\"width\":1600,\"height\":846},{\"@type\":\"BreadcrumbList\",\"@id\":\"https:\/\/movento.lu\/en\/#breadcrumb\",\"itemListElement\":[{\"@type\":\"ListItem\",\"position\":1,\"name\":\"Accueil\",\"item\":\"https:\/\/movento.lu\/en\/\"},{\"@type\":\"ListItem\",\"position\":2,\"name\":\"Home\"}]},{\"@type\":\"WebSite\",\"@id\":\"https:\/\/movento.lu\/en\/#website\",\"url\":\"https:\/\/movento.lu\/en\/\",\"name\":\"MOVEnTO\",\"description\":\"Soci\u00e9t\u00e9 de d\u00e9m\u00e9nagement. Professionnel dot\u00e9 de d\u00e9m\u00e9nageurs exp\u00e9riment\u00e9s, camions, lift et exp\u00e9rience \u00e0 votre service. Et au meilleur prix.\",\"publisher\":{\"@id\":\"https:\/\/movento.lu\/en\/#organization\"},\"alternateName\":\"Removal MOVEnTO d\u00e9m\u00e9nagement\",\"potentialAction\":[{\"@type\":\"SearchAction\",\"target\":{\"@type\":\"EntryPoint\",\"urlTemplate\":\"https:\/\/movento.lu\/en\/?s={search_term_string}\"},\"query-input\":{\"@type\":\"PropertyValueSpecification\",\"valueRequired\":true,\"valueName\":\"search_term_string\"}}],\"inLanguage\":\"en-US\"},{\"@type\":[\"Organization\",\"Place\"],\"@id\":\"https:\/\/movento.lu\/en\/#organization\",\"name\":\"MOVEnTO\",\"alternateName\":\"Removal MOVEnTO d\u00e9m\u00e9nagement\",\"url\":\"https:\/\/movento.lu\/en\/\",\"logo\":{\"@id\":\"https:\/\/movento.lu\/en\/#local-main-organization-logo\"},\"image\":{\"@id\":\"https:\/\/movento.lu\/en\/#local-main-organization-logo\"},\"sameAs\":[\"https:\/\/www.facebook.com\/Movento.lu\",\"https:\/\/www.instagram.com\/movento.lu\/\"],\"description\":\"Soci\u00e9t\u00e9 de d\u00e9m\u00e9nagement. Professionnel dot\u00e9 de d\u00e9m\u00e9nageurs exp\u00e9riment\u00e9s, camions, lift et exp\u00e9rience \u00e0 votre service. Et au meilleur prix.\",\"foundingDate\":\"2017-01-01\",\"telephone\":[],\"openingHoursSpecification\":[{\"@type\":\"OpeningHoursSpecification\",\"dayOfWeek\":[\"Monday\",\"Tuesday\",\"Wednesday\",\"Thursday\",\"Friday\",\"Saturday\",\"Sunday\"],\"opens\":\"09:00\",\"closes\":\"17:00\"}]},{\"@type\":\"ImageObject\",\"inLanguage\":\"en-US\",\"@id\":\"https:\/\/movento.lu\/en\/#local-main-organization-logo\",\"url\":\"https:\/\/movento.lu\/wp-content\/uploads\/2025\/02\/moventologosquare.jpg\",\"contentUrl\":\"https:\/\/movento.lu\/wp-content\/uploads\/2025\/02\/moventologosquare.jpg\",\"width\":479,\"height\":437,\"caption\":\"MOVEnTO\"}]}<\/script>\n<!-- \/ Yoast SEO Premium plugin. -->","yoast_head_json":{"title":"MOVEnTO &#8902; Removal company &#8902; Lift Service","description":"MOVEnTO your moving company, expert in removal, national and international. Lift service, man with a van, storage services","robots":{"index":"index","follow":"follow","max-snippet":"max-snippet:-1","max-image-preview":"max-image-preview:large","max-video-preview":"max-video-preview:-1"},"canonical":"https:\/\/movento.lu\/en\/","og_locale":"en_US","og_type":"article","og_title":"Home","og_description":"MOVEnTO your moving company, expert in removal, national and international. Lift service, man with a van, storage services","og_url":"https:\/\/movento.lu\/en\/","og_site_name":"MOVEnTO","article_publisher":"https:\/\/www.facebook.com\/Movento.lu","article_modified_time":"2026-01-21T14:29:59+00:00","og_image":[{"width":1600,"height":846,"url":"https:\/\/movento.lu\/wp-content\/uploads\/2021\/05\/CamionMoventoLong2-1.jpg","type":"image\/jpeg"}],"twitter_card":"summary_large_image","twitter_misc":{"Est. reading time":"2 minutes"},"schema":{"@context":"https:\/\/schema.org","@graph":[{"@type":"WebPage","@id":"https:\/\/movento.lu\/en\/","url":"https:\/\/movento.lu\/en\/","name":"MOVEnTO &#8902; Removal company &#8902; Lift Service","isPartOf":{"@id":"https:\/\/movento.lu\/en\/#website"},"primaryImageOfPage":{"@id":"https:\/\/movento.lu\/en\/#primaryimage"},"image":{"@id":"https:\/\/movento.lu\/en\/#primaryimage"},"thumbnailUrl":"https:\/\/movento.lu\/wp-content\/uploads\/2021\/05\/CamionMoventoLong2-1.jpg","datePublished":"2018-03-03T16:34:42+00:00","dateModified":"2026-01-21T14:29:59+00:00","description":"MOVEnTO your moving company, expert in removal, national and international. Lift service, man with a van, storage services","breadcrumb":{"@id":"https:\/\/movento.lu\/en\/#breadcrumb"},"inLanguage":"en-US","potentialAction":[{"@type":"ReadAction","target":["https:\/\/movento.lu\/en\/"]}]},{"@type":"ImageObject","inLanguage":"en-US","@id":"https:\/\/movento.lu\/en\/#primaryimage","url":"https:\/\/movento.lu\/wp-content\/uploads\/2021\/05\/CamionMoventoLong2-1.jpg","contentUrl":"https:\/\/movento.lu\/wp-content\/uploads\/2021\/05\/CamionMoventoLong2-1.jpg","width":1600,"height":846},{"@type":"BreadcrumbList","@id":"https:\/\/movento.lu\/en\/#breadcrumb","itemListElement":[{"@type":"ListItem","position":1,"name":"Accueil","item":"https:\/\/movento.lu\/en\/"},{"@type":"ListItem","position":2,"name":"Home"}]},{"@type":"WebSite","@id":"https:\/\/movento.lu\/en\/#website","url":"https:\/\/movento.lu\/en\/","name":"MOVEnTO","description":"Soci\u00e9t\u00e9 de d\u00e9m\u00e9nagement. Professionnel dot\u00e9 de d\u00e9m\u00e9nageurs exp\u00e9riment\u00e9s, camions, lift et exp\u00e9rience \u00e0 votre service. Et au meilleur prix.","publisher":{"@id":"https:\/\/movento.lu\/en\/#organization"},"alternateName":"Removal MOVEnTO d\u00e9m\u00e9nagement","potentialAction":[{"@type":"SearchAction","target":{"@type":"EntryPoint","urlTemplate":"https:\/\/movento.lu\/en\/?s={search_term_string}"},"query-input":{"@type":"PropertyValueSpecification","valueRequired":true,"valueName":"search_term_string"}}],"inLanguage":"en-US"},{"@type":["Organization","Place"],"@id":"https:\/\/movento.lu\/en\/#organization","name":"MOVEnTO","alternateName":"Removal MOVEnTO d\u00e9m\u00e9nagement","url":"https:\/\/movento.lu\/en\/","logo":{"@id":"https:\/\/movento.lu\/en\/#local-main-organization-logo"},"image":{"@id":"https:\/\/movento.lu\/en\/#local-main-organization-logo"},"sameAs":["https:\/\/www.facebook.com\/Movento.lu","https:\/\/www.instagram.com\/movento.lu\/"],"description":"Soci\u00e9t\u00e9 de d\u00e9m\u00e9nagement. Professionnel dot\u00e9 de d\u00e9m\u00e9nageurs exp\u00e9riment\u00e9s, camions, lift et exp\u00e9rience \u00e0 votre service. Et au meilleur prix.","foundingDate":"2017-01-01","telephone":[],"openingHoursSpecification":[{"@type":"OpeningHoursSpecification","dayOfWeek":["Monday","Tuesday","Wednesday","Thursday","Friday","Saturday","Sunday"],"opens":"09:00","closes":"17:00"}]},{"@type":"ImageObject","inLanguage":"en-US","@id":"https:\/\/movento.lu\/en\/#local-main-organization-logo","url":"https:\/\/movento.lu\/wp-content\/uploads\/2025\/02\/moventologosquare.jpg","contentUrl":"https:\/\/movento.lu\/wp-content\/uploads\/2025\/02\/moventologosquare.jpg","width":479,"height":437,"caption":"MOVEnTO"}]}},"jetpack_sharing_enabled":true,"jetpack_shortlink":"https:\/\/wp.me\/P9BBhF-1E","jetpack_likes_enabled":true,"jetpack-related-posts":[],"_links":{"self":[{"href":"https:\/\/movento.lu\/en\/wp-json\/wp\/v2\/pages\/102"}],"collection":[{"href":"https:\/\/movento.lu\/en\/wp-json\/wp\/v2\/pages"}],"about":[{"href":"https:\/\/movento.lu\/en\/wp-json\/wp\/v2\/types\/page"}],"author":[{"embeddable":true,"href":"https:\/\/movento.lu\/en\/wp-json\/wp\/v2\/users\/1"}],"replies":[{"embeddable":true,"href":"https:\/\/movento.lu\/en\/wp-json\/wp\/v2\/comments?post=102"}],"version-history":[{"count":9,"href":"https:\/\/movento.lu\/en\/wp-json\/wp\/v2\/pages\/102\/revisions"}],"predecessor-version":[{"id":808,"href":"https:\/\/movento.lu\/en\/wp-json\/wp\/v2\/pages\/102\/revisions\/808"}],"wp:featuredmedia":[{"embeddable":true,"href":"https:\/\/movento.lu\/en\/wp-json\/wp\/v2\/media\/499"}],"wp:attachment":[{"href":"https:\/\/movento.lu\/en\/wp-json\/wp\/v2\/media?parent=102"}],"curies":[{"name":"wp","href":"https:\/\/api.w.org\/{rel}","templated":true}]}}